{"id":1545,"date":"2017-03-03T12:17:07","date_gmt":"2017-03-03T11:17:07","guid":{"rendered":"https:\/\/www.ramus-industrie.com\/ramus-industrie\/"},"modified":"2026-02-25T09:28:44","modified_gmt":"2026-02-25T08:28:44","slug":"ramus-industrie","status":"publish","type":"page","link":"https:\/\/www.ramus-industrie.com\/en\/","title":{"rendered":"Ramus Industrie"},"content":{"rendered":"","protected":false},"excerpt":{"rendered":"","protected":false},"author":2,"featured_media":1547,"parent":0,"menu_order":0,"comment_status":"closed","ping_status":"closed","template":"","meta":{"_acf_changed":false,"inline_featured_image":false,"footnotes":""},"categories":[],"class_list":["post-1545","page","type-page","status-publish","has-post-thumbnail","hentry"],"acf":[],"yoast_head":"<!-- This site is optimized with the Yoast SEO plugin v27.3 - https:\/\/yoast.com\/product\/yoast-seo-wordpress\/ -->\n<title>Ramus Industrie - Concepteur et constructeur de robinetterie industrielle<\/title>\n<meta name=\"description\" content=\"RAMUS INDUSTRIE, fabricant de robinetterie industrielle est sp\u00e9cialis\u00e9 dans le stockage, le transit et le transport de fluides vous propose une gamme de mat\u00e9riels \u00e9volutifs en fonction de vos besoins sp\u00e9cifiques pour la r\u00e9gulation, la protection et l\u2019obturation de vos r\u00e9seaux \u00e0 faible ou \u00e0 forte pression...\" \/>\n<meta name=\"robots\" content=\"index, follow, max-snippet:-1, max-image-preview:large, max-video-preview:-1\" \/>\n<link rel=\"canonical\" href=\"https:\/\/www.ramus-industrie.com\/en\/\" \/>\n<meta property=\"og:locale\" content=\"en_US\" \/>\n<meta property=\"og:type\" content=\"article\" \/>\n<meta property=\"og:title\" content=\"Ramus Industrie - Concepteur et constructeur de robinetterie industrielle\" \/>\n<meta property=\"og:description\" content=\"RAMUS INDUSTRIE, fabricant de robinetterie industrielle est sp\u00e9cialis\u00e9 dans le stockage, le transit et le transport de fluides vous propose une gamme de mat\u00e9riels \u00e9volutifs en fonction de vos besoins sp\u00e9cifiques pour la r\u00e9gulation, la protection et l\u2019obturation de vos r\u00e9seaux \u00e0 faible ou \u00e0 forte pression...\" \/>\n<meta property=\"og:url\" content=\"https:\/\/www.ramus-industrie.com\/en\/\" \/>\n<meta property=\"og:site_name\" content=\"Ramus Industrie\" \/>\n<meta property=\"article:modified_time\" content=\"2026-02-25T08:28:44+00:00\" \/>\n<meta property=\"og:image\" content=\"https:\/\/www.ramus-industrie.com\/wp-content\/uploads\/2020\/08\/fond-site.jpg\" \/>\n\t<meta property=\"og:image:width\" content=\"1980\" \/>\n\t<meta property=\"og:image:height\" content=\"947\" \/>\n\t<meta property=\"og:image:type\" content=\"image\/jpeg\" \/>\n<meta name=\"twitter:card\" content=\"summary_large_image\" \/>\n<script type=\"application\/ld+json\" class=\"yoast-schema-graph\">{\"@context\":\"https:\\\/\\\/schema.org\",\"@graph\":[{\"@type\":\"WebPage\",\"@id\":\"https:\\\/\\\/www.ramus-industrie.com\\\/en\\\/\",\"url\":\"https:\\\/\\\/www.ramus-industrie.com\\\/en\\\/\",\"name\":\"Ramus Industrie - Concepteur et constructeur de robinetterie industrielle\",\"isPartOf\":{\"@id\":\"https:\\\/\\\/www.ramus-industrie.com\\\/#website\"},\"primaryImageOfPage\":{\"@id\":\"https:\\\/\\\/www.ramus-industrie.com\\\/en\\\/#primaryimage\"},\"image\":{\"@id\":\"https:\\\/\\\/www.ramus-industrie.com\\\/en\\\/#primaryimage\"},\"thumbnailUrl\":\"https:\\\/\\\/www.ramus-industrie.com\\\/wp-content\\\/uploads\\\/2020\\\/08\\\/fond-site.jpg\",\"datePublished\":\"2017-03-03T11:17:07+00:00\",\"dateModified\":\"2026-02-25T08:28:44+00:00\",\"description\":\"RAMUS INDUSTRIE, fabricant de robinetterie industrielle est sp\u00e9cialis\u00e9 dans le stockage, le transit et le transport de fluides vous propose une gamme de mat\u00e9riels \u00e9volutifs en fonction de vos besoins sp\u00e9cifiques pour la r\u00e9gulation, la protection et l\u2019obturation de vos r\u00e9seaux \u00e0 faible ou \u00e0 forte pression...\",\"breadcrumb\":{\"@id\":\"https:\\\/\\\/www.ramus-industrie.com\\\/en\\\/#breadcrumb\"},\"inLanguage\":\"en-US\",\"potentialAction\":[{\"@type\":\"ReadAction\",\"target\":[\"https:\\\/\\\/www.ramus-industrie.com\\\/en\\\/\"]}]},{\"@type\":\"ImageObject\",\"inLanguage\":\"en-US\",\"@id\":\"https:\\\/\\\/www.ramus-industrie.com\\\/en\\\/#primaryimage\",\"url\":\"https:\\\/\\\/www.ramus-industrie.com\\\/wp-content\\\/uploads\\\/2020\\\/08\\\/fond-site.jpg\",\"contentUrl\":\"https:\\\/\\\/www.ramus-industrie.com\\\/wp-content\\\/uploads\\\/2020\\\/08\\\/fond-site.jpg\",\"width\":1980,\"height\":947},{\"@type\":\"BreadcrumbList\",\"@id\":\"https:\\\/\\\/www.ramus-industrie.com\\\/en\\\/#breadcrumb\",\"itemListElement\":[{\"@type\":\"ListItem\",\"position\":1,\"name\":\"Accueil\",\"item\":\"https:\\\/\\\/www.ramus-industrie.com\\\/en\\\/\"},{\"@type\":\"ListItem\",\"position\":2,\"name\":\"Ramus Industrie\"}]},{\"@type\":\"WebSite\",\"@id\":\"https:\\\/\\\/www.ramus-industrie.com\\\/#website\",\"url\":\"https:\\\/\\\/www.ramus-industrie.com\\\/\",\"name\":\"Ramus Industrie\",\"description\":\"Fabricant de robinetterie industrielle 100% Fran\u00e7ais\",\"potentialAction\":[{\"@type\":\"SearchAction\",\"target\":{\"@type\":\"EntryPoint\",\"urlTemplate\":\"https:\\\/\\\/www.ramus-industrie.com\\\/?s={search_term_string}\"},\"query-input\":{\"@type\":\"PropertyValueSpecification\",\"valueRequired\":true,\"valueName\":\"search_term_string\"}}],\"inLanguage\":\"en-US\"}]}<\/script>\n<!-- \/ Yoast SEO plugin. -->","yoast_head_json":{"title":"Ramus Industrie - Concepteur et constructeur de robinetterie industrielle","description":"RAMUS INDUSTRIE, fabricant de robinetterie industrielle est sp\u00e9cialis\u00e9 dans le stockage, le transit et le transport de fluides vous propose une gamme de mat\u00e9riels \u00e9volutifs en fonction de vos besoins sp\u00e9cifiques pour la r\u00e9gulation, la protection et l\u2019obturation de vos r\u00e9seaux \u00e0 faible ou \u00e0 forte pression...","robots":{"index":"index","follow":"follow","max-snippet":"max-snippet:-1","max-image-preview":"max-image-preview:large","max-video-preview":"max-video-preview:-1"},"canonical":"https:\/\/www.ramus-industrie.com\/en\/","og_locale":"en_US","og_type":"article","og_title":"Ramus Industrie - Concepteur et constructeur de robinetterie industrielle","og_description":"RAMUS INDUSTRIE, fabricant de robinetterie industrielle est sp\u00e9cialis\u00e9 dans le stockage, le transit et le transport de fluides vous propose une gamme de mat\u00e9riels \u00e9volutifs en fonction de vos besoins sp\u00e9cifiques pour la r\u00e9gulation, la protection et l\u2019obturation de vos r\u00e9seaux \u00e0 faible ou \u00e0 forte pression...","og_url":"https:\/\/www.ramus-industrie.com\/en\/","og_site_name":"Ramus Industrie","article_modified_time":"2026-02-25T08:28:44+00:00","og_image":[{"width":1980,"height":947,"url":"https:\/\/www.ramus-industrie.com\/wp-content\/uploads\/2020\/08\/fond-site.jpg","type":"image\/jpeg"}],"twitter_card":"summary_large_image","schema":{"@context":"https:\/\/schema.org","@graph":[{"@type":"WebPage","@id":"https:\/\/www.ramus-industrie.com\/en\/","url":"https:\/\/www.ramus-industrie.com\/en\/","name":"Ramus Industrie - Concepteur et constructeur de robinetterie industrielle","isPartOf":{"@id":"https:\/\/www.ramus-industrie.com\/#website"},"primaryImageOfPage":{"@id":"https:\/\/www.ramus-industrie.com\/en\/#primaryimage"},"image":{"@id":"https:\/\/www.ramus-industrie.com\/en\/#primaryimage"},"thumbnailUrl":"https:\/\/www.ramus-industrie.com\/wp-content\/uploads\/2020\/08\/fond-site.jpg","datePublished":"2017-03-03T11:17:07+00:00","dateModified":"2026-02-25T08:28:44+00:00","description":"RAMUS INDUSTRIE, fabricant de robinetterie industrielle est sp\u00e9cialis\u00e9 dans le stockage, le transit et le transport de fluides vous propose une gamme de mat\u00e9riels \u00e9volutifs en fonction de vos besoins sp\u00e9cifiques pour la r\u00e9gulation, la protection et l\u2019obturation de vos r\u00e9seaux \u00e0 faible ou \u00e0 forte pression...","breadcrumb":{"@id":"https:\/\/www.ramus-industrie.com\/en\/#breadcrumb"},"inLanguage":"en-US","potentialAction":[{"@type":"ReadAction","target":["https:\/\/www.ramus-industrie.com\/en\/"]}]},{"@type":"ImageObject","inLanguage":"en-US","@id":"https:\/\/www.ramus-industrie.com\/en\/#primaryimage","url":"https:\/\/www.ramus-industrie.com\/wp-content\/uploads\/2020\/08\/fond-site.jpg","contentUrl":"https:\/\/www.ramus-industrie.com\/wp-content\/uploads\/2020\/08\/fond-site.jpg","width":1980,"height":947},{"@type":"BreadcrumbList","@id":"https:\/\/www.ramus-industrie.com\/en\/#breadcrumb","itemListElement":[{"@type":"ListItem","position":1,"name":"Accueil","item":"https:\/\/www.ramus-industrie.com\/en\/"},{"@type":"ListItem","position":2,"name":"Ramus Industrie"}]},{"@type":"WebSite","@id":"https:\/\/www.ramus-industrie.com\/#website","url":"https:\/\/www.ramus-industrie.com\/","name":"Ramus Industrie","description":"Fabricant de robinetterie industrielle 100% Fran\u00e7ais","potentialAction":[{"@type":"SearchAction","target":{"@type":"EntryPoint","urlTemplate":"https:\/\/www.ramus-industrie.com\/?s={search_term_string}"},"query-input":{"@type":"PropertyValueSpecification","valueRequired":true,"valueName":"search_term_string"}}],"inLanguage":"en-US"}]}},"_links":{"self":[{"href":"https:\/\/www.ramus-industrie.com\/en\/wp-json\/wp\/v2\/pages\/1545","targetHints":{"allow":["GET"]}}],"collection":[{"href":"https:\/\/www.ramus-industrie.com\/en\/wp-json\/wp\/v2\/pages"}],"about":[{"href":"https:\/\/www.ramus-industrie.com\/en\/wp-json\/wp\/v2\/types\/page"}],"author":[{"embeddable":true,"href":"https:\/\/www.ramus-industrie.com\/en\/wp-json\/wp\/v2\/users\/2"}],"replies":[{"embeddable":true,"href":"https:\/\/www.ramus-industrie.com\/en\/wp-json\/wp\/v2\/comments?post=1545"}],"version-history":[{"count":4,"href":"https:\/\/www.ramus-industrie.com\/en\/wp-json\/wp\/v2\/pages\/1545\/revisions"}],"predecessor-version":[{"id":2182,"href":"https:\/\/www.ramus-industrie.com\/en\/wp-json\/wp\/v2\/pages\/1545\/revisions\/2182"}],"wp:featuredmedia":[{"embeddable":true,"href":"https:\/\/www.ramus-industrie.com\/en\/wp-json\/wp\/v2\/media\/1547"}],"wp:attachment":[{"href":"https:\/\/www.ramus-industrie.com\/en\/wp-json\/wp\/v2\/media?parent=1545"}],"wp:term":[{"taxonomy":"category","embeddable":true,"href":"https:\/\/www.ramus-industrie.com\/en\/wp-json\/wp\/v2\/categories?post=1545"}],"curies":[{"name":"wp","href":"https:\/\/api.w.org\/{rel}","templated":true}]}}